{"id":2227,"date":"2017-10-15T19:09:54","date_gmt":"2017-10-15T19:09:54","guid":{"rendered":"http:\/\/augenarzt-wilmersdorf.de\/WP\/?page_id=2227"},"modified":"2023-01-05T09:52:42","modified_gmt":"2023-01-05T08:52:42","slug":"sehtest","status":"publish","type":"page","link":"https:\/\/augenarzt-wilmersdorf.de\/sehtest\/","title":{"rendered":"Sehtest"},"content":{"rendered":"<p>[vc_row][vc_column width=&#8220;1\/2&#8243;][vc_column_text]<\/p>\n<p style=\"font-size: 17px;\">Der Sehtest oder die Sehsch\u00e4rfe des Auges ist die F\u00e4higkeit der Netzhaut zwei Punkte getrennt von einander wahrzunehmen. F\u00fcr die Bestimmung des Sehtests ist der Grad einer Kurzsichtigkeit, Weitsichtigkeit sowie einer Hornhautverkr\u00fcmmung entscheidend.<br \/>\nBei Kindern und Fahrsch\u00fclern ist die Bestimmung der Sehst\u00e4rke insbesondere wichtig. Bei S\u00e4uglingen und Kindern k\u00f6nnen auf diese Weise m\u00f6gliche Augenerkrankungen fr\u00fchzeitig erkannt und eine Behandlung rechtzeitig eingeleitet werden. Zum Autofahren kann das Tragen einer Brille oder Kontaktlinsen notwendig sein.<br \/>\nLassen Sie die Sehsch\u00e4rfe des Auges beim Augenarzt \u00fcberpr\u00fcfen, somit k\u00f6nnen Sie die unn\u00f6tigen Kosten vermeiden.<\/p>\n<ul>\n<li style=\"list-style-type: none;\">\n<ul>\n<li>\n<p style=\"font-size: 17px;\">Brillenbestimmung aller Arten<\/p>\n<\/li>\n<li>\n<p style=\"font-size: 17px;\">Pr\u00fcfung des Kontrast- und Nachtsehens<\/p>\n<\/li>\n<li>\n<p style=\"font-size: 17px;\">Kontaktlinsen<\/p>\n<\/li>\n<li>\n<p style=\"font-size: 17px;\">Sehtestbescheinigung<\/p>\n<\/li>\n<li>\n<p style=\"font-size: 17px;\">F\u00fchrerschein-Gutachten<\/p>\n<\/li>\n<\/ul>\n<\/li>\n<\/ul>\n<p>[\/vc_column_text][\/vc_column][vc_column width=&#8220;1\/2&#8243;][vc_single_image image=&#8220;2304&#8243; img_size=&#8220;large&#8220;][\/vc_column][\/vc_row]<\/p>\n","protected":false},"excerpt":{"rendered":"<p>[vc_row][vc_column width=&#8220;1\/2&#8243;][vc_column_text] Der Sehtest oder die Sehsch\u00e4rfe des Auges ist die F\u00e4higkeit der Netzhaut zwei Punkte getrennt von einander wahrzunehmen. F\u00fcr die Bestimmung des Sehtests ist der Grad einer Kurzsichtigkeit, Weitsichtigkeit sowie einer Hornhautverkr\u00fcmmung entscheidend. Bei Kindern und Fahrsch\u00fclern ist die Bestimmung der Sehst\u00e4rke insbesondere wichtig. Bei S\u00e4uglingen und Kindern k\u00f6nnen auf diese Weise m\u00f6gliche &hellip; <a href=\"https:\/\/augenarzt-wilmersdorf.de\/sehtest\/\" class=\"more-link\">Continue reading <span class=\"screen-reader-text\">Sehtest<\/span><\/a><\/p>\n","protected":false},"author":1,"featured_media":0,"parent":0,"menu_order":0,"comment_status":"closed","ping_status":"closed","template":"","meta":{"footnotes":""},"class_list":["post-2227","page","type-page","status-publish","hentry"],"_links":{"self":[{"href":"https:\/\/augenarzt-wilmersdorf.de\/wp-json\/wp\/v2\/pages\/2227","targetHints":{"allow":["GET"]}}],"collection":[{"href":"https:\/\/augenarzt-wilmersdorf.de\/wp-json\/wp\/v2\/pages"}],"about":[{"href":"https:\/\/augenarzt-wilmersdorf.de\/wp-json\/wp\/v2\/types\/page"}],"author":[{"embeddable":true,"href":"https:\/\/augenarzt-wilmersdorf.de\/wp-json\/wp\/v2\/users\/1"}],"replies":[{"embeddable":true,"href":"https:\/\/augenarzt-wilmersdorf.de\/wp-json\/wp\/v2\/comments?post=2227"}],"version-history":[{"count":11,"href":"https:\/\/augenarzt-wilmersdorf.de\/wp-json\/wp\/v2\/pages\/2227\/revisions"}],"predecessor-version":[{"id":2642,"href":"https:\/\/augenarzt-wilmersdorf.de\/wp-json\/wp\/v2\/pages\/2227\/revisions\/2642"}],"wp:attachment":[{"href":"https:\/\/augenarzt-wilmersdorf.de\/wp-json\/wp\/v2\/media?parent=2227"}],"curies":[{"name":"wp","href":"https:\/\/api.w.org\/{rel}","templated":true}]}}