{"id":40,"date":"2017-08-02T19:09:53","date_gmt":"2017-08-02T19:09:53","guid":{"rendered":"http:\/\/augenarzt-wilmersdorf.de\/WP\/?page_id=40"},"modified":"2026-03-23T19:21:25","modified_gmt":"2026-03-23T18:21:25","slug":"anfahrt","status":"publish","type":"page","link":"https:\/\/augenarzt-wilmersdorf.de\/anfahrt\/","title":{"rendered":"Kontakt"},"content":{"rendered":"<p>[vc_row][vc_column width=&#8220;1\/2&#8243;][vc_column_text]<\/p>\n<h2>ANFAHRT<\/h2>\n<p><strong>Augenarzt Wilmersdorf\u00a0<\/strong><\/p>\n<p>Dr. Majid Hashemzadeh<\/p>\n<p>Uhlandstra\u00dfe 158<\/p>\n<p>10719 Berlin<\/p>\n<h4 class=\"ts-custom-heading \">Telefon: 030 &#8211; 343 920 90<\/h4>\n<p>E-Mail: praxis[at]augenarzt-wilmersdorf.de<\/p>\n<article class=\"box-b group\">\n<div class=\"box-item\">\n<h3>\u00d6ffentlicher Nahverkehr:<\/h3>\n<p>Buslinien: 249, Haltestelle Pariser Stra\u00dfe.<\/p>\n<h4>U-Bahn:<\/h4>\n<p style=\"padding-left: 60px;\"><strong><span style=\"color: #3366ff;\">U1<\/span><\/strong> (Uhlandstra\u00dfe)<\/p>\n<p style=\"padding-left: 60px;\"><strong><span style=\"color: #00ff00;\">U3<\/span><\/strong> (Hohenzollernplatz)<\/p>\n<p style=\"padding-left: 60px;\"><strong><span style=\"color: #800000;\">U9<\/span><\/strong> ( Spichernstra\u00dfe)<\/p>\n<\/div>\n<div class=\"box-item\">\n<h4><\/h4>\n<h4>PKW:<\/h4>\n<p>Parkpl\u00e4tze finden Sie im<\/p>\n<p>Parkhaus Kudamm-Karree<\/p>\n<p>und direkt in der Uhlandstra\u00dfe.<\/p>\n<\/div>\n<\/article>\n<p>[\/vc_column_text][\/vc_column][vc_column width=&#8220;1\/2&#8243;][vc_raw_html]JTVCZXhhY3RseS1nZHByLW1hcCU1RA==[\/vc_raw_html][\/vc_column][\/vc_row]<\/p>\n","protected":false},"excerpt":{"rendered":"<p>[vc_row][vc_column width=&#8220;1\/2&#8243;][vc_column_text] ANFAHRT Augenarzt Wilmersdorf\u00a0 Dr. Majid Hashemzadeh Uhlandstra\u00dfe 158 10719 Berlin Telefon: 030 &#8211; 343 920 90 E-Mail: praxis[at]augenarzt-wilmersdorf.de \u00d6ffentlicher Nahverkehr: Buslinien: 249, Haltestelle Pariser Stra\u00dfe. U-Bahn: U1 (Uhlandstra\u00dfe) U3 (Hohenzollernplatz) U9 ( Spichernstra\u00dfe) PKW: Parkpl\u00e4tze finden Sie im Parkhaus Kudamm-Karree und direkt in der Uhlandstra\u00dfe. [\/vc_column_text][\/vc_column][vc_column width=&#8220;1\/2&#8243;][vc_raw_html]JTVCZXhhY3RseS1nZHByLW1hcCU1RA==[\/vc_raw_html][\/vc_column][\/vc_row]<\/p>\n","protected":false},"author":1,"featured_media":0,"parent":0,"menu_order":0,"comment_status":"closed","ping_status":"closed","template":"","meta":{"footnotes":""},"class_list":["post-40","page","type-page","status-publish","hentry"],"_links":{"self":[{"href":"https:\/\/augenarzt-wilmersdorf.de\/wp-json\/wp\/v2\/pages\/40","targetHints":{"allow":["GET"]}}],"collection":[{"href":"https:\/\/augenarzt-wilmersdorf.de\/wp-json\/wp\/v2\/pages"}],"about":[{"href":"https:\/\/augenarzt-wilmersdorf.de\/wp-json\/wp\/v2\/types\/page"}],"author":[{"embeddable":true,"href":"https:\/\/augenarzt-wilmersdorf.de\/wp-json\/wp\/v2\/users\/1"}],"replies":[{"embeddable":true,"href":"https:\/\/augenarzt-wilmersdorf.de\/wp-json\/wp\/v2\/comments?post=40"}],"version-history":[{"count":31,"href":"https:\/\/augenarzt-wilmersdorf.de\/wp-json\/wp\/v2\/pages\/40\/revisions"}],"predecessor-version":[{"id":5684,"href":"https:\/\/augenarzt-wilmersdorf.de\/wp-json\/wp\/v2\/pages\/40\/revisions\/5684"}],"wp:attachment":[{"href":"https:\/\/augenarzt-wilmersdorf.de\/wp-json\/wp\/v2\/media?parent=40"}],"curies":[{"name":"wp","href":"https:\/\/api.w.org\/{rel}","templated":true}]}}